{"id":90,"date":"2026-02-28T15:16:10","date_gmt":"2026-02-28T15:16:10","guid":{"rendered":"https:\/\/mouscronetiopathe.be\/?page_id=90"},"modified":"2026-02-28T16:06:48","modified_gmt":"2026-02-28T16:06:48","slug":"accueil","status":"publish","type":"page","link":"https:\/\/mouscronetiopathe.be\/","title":{"rendered":"Accueil"},"content":{"rendered":"\n<h2 class=\"wp-block-heading\">Luc Evrard<\/h2>\n\n\n<div class=\"wp-block-image\">\n<figure class=\"alignright size-large is-resized\"><img loading=\"lazy\" decoding=\"async\" width=\"774\" height=\"1024\" src=\"http:\/\/mouscronetiopathe.be\/wp-content\/uploads\/2026\/02\/douleur_dos-774x1024.png\" alt=\"\" class=\"wp-image-98\" style=\"aspect-ratio:0.7558556496528572;width:150px;height:auto\" srcset=\"https:\/\/mouscronetiopathe.be\/wp-content\/uploads\/2026\/02\/douleur_dos-774x1024.png 774w, https:\/\/mouscronetiopathe.be\/wp-content\/uploads\/2026\/02\/douleur_dos-227x300.png 227w, https:\/\/mouscronetiopathe.be\/wp-content\/uploads\/2026\/02\/douleur_dos-768x1016.png 768w, https:\/\/mouscronetiopathe.be\/wp-content\/uploads\/2026\/02\/douleur_dos.png 867w\" sizes=\"auto, (max-width: 774px) 100vw, 774px\" \/><\/figure>\n<\/div>\n\n\n<p>.Dipl\u00f4m\u00e9 de la&nbsp;<a href=\"http:\/\/www.etiopathie.com\/\" target=\"_blank\" rel=\"noreferrer noopener\">Facult\u00e9 d&rsquo;Etiopathie de Paris<\/a><br>.Membre de l&rsquo;<a href=\"http:\/\/www.etiopathie.com\/institut_francais_d_etiopathie_ife.php\" target=\"_blank\" rel=\"noreferrer noopener\">Institut Fran\u00e7ais d&rsquo;Etiopathie<\/a><br>.Inscrit au Registre National des Etiopathes<br>.Install\u00e9 \u00e0 Mouscon<\/p>\n\n\n\n<h2 class=\"wp-block-heading\">L&rsquo;\u00e9tiopathie en quelques mots<\/h2>\n\n\n\n<p>L&rsquo;\u00e9tiopathie est une th\u00e9rapie manuelle bas\u00e9e sur un raisonnement m\u00e9caniste rigoureux.<\/p>\n\n\n\n<p>Le praticien \u00e9tablit dans un premier temps la cause des ph\u00e9nom\u00e8nes pathologiques dont souffre le patient. Dans un deuxi\u00e8me temps, sauf contre indication, il applique les techniques manuelles les plus adapt\u00e9es.<\/p>\n","protected":false},"excerpt":{"rendered":"<p>Luc Evrard .Dipl\u00f4m\u00e9 de la&nbsp;Facult\u00e9 d&rsquo;Etiopathie de Paris.Membre de l&rsquo;Institut Fran\u00e7ais d&rsquo;Etiopathie.Inscrit au Registre National des Etiopathes.Install\u00e9 \u00e0 Mouscon L&rsquo;\u00e9tiopathie en quelques mots L&rsquo;\u00e9tiopathie est une th\u00e9rapie manuelle bas\u00e9e sur &hellip; <\/p>\n","protected":false},"author":1,"featured_media":0,"parent":0,"menu_order":0,"comment_status":"closed","ping_status":"closed","template":"","meta":{"footnotes":""},"class_list":["post-90","page","type-page","status-publish","hentry"],"yoast_head":"<!-- This site is optimized with the Yoast SEO plugin v26.5 - https:\/\/yoast.com\/wordpress\/plugins\/seo\/ -->\n<title>Accueil - Cabinet d&#039;\u00e9tiopathie de Mouscron<\/title>\n<meta name=\"robots\" content=\"index, follow, max-snippet:-1, max-image-preview:large, max-video-preview:-1\" \/>\n<link rel=\"canonical\" href=\"https:\/\/mouscronetiopathe.be\/\" \/>\n<meta property=\"og:locale\" content=\"fr_FR\" \/>\n<meta property=\"og:type\" content=\"article\" \/>\n<meta property=\"og:title\" content=\"Accueil - Cabinet d&#039;\u00e9tiopathie de Mouscron\" \/>\n<meta property=\"og:description\" content=\"Luc Evrard .Dipl\u00f4m\u00e9 de la&nbsp;Facult\u00e9 d&rsquo;Etiopathie de Paris.Membre de l&rsquo;Institut Fran\u00e7ais d&rsquo;Etiopathie.Inscrit au Registre National des Etiopathes.Install\u00e9 \u00e0 Mouscon L&rsquo;\u00e9tiopathie en quelques mots L&rsquo;\u00e9tiopathie est une th\u00e9rapie manuelle bas\u00e9e sur &hellip;\" \/>\n<meta property=\"og:url\" content=\"https:\/\/mouscronetiopathe.be\/\" \/>\n<meta property=\"og:site_name\" content=\"Cabinet d&#039;\u00e9tiopathie de Mouscron\" \/>\n<meta property=\"article:modified_time\" content=\"2026-02-28T16:06:48+00:00\" \/>\n<meta property=\"og:image\" content=\"https:\/\/mouscronetiopathe.be\/wp-content\/uploads\/2026\/02\/douleur_dos.png\" \/>\n\t<meta property=\"og:image:width\" content=\"867\" \/>\n\t<meta property=\"og:image:height\" content=\"1147\" \/>\n\t<meta property=\"og:image:type\" content=\"image\/png\" \/>\n<meta name=\"twitter:card\" content=\"summary_large_image\" \/>\n<meta name=\"twitter:label1\" content=\"Dur\u00e9e de lecture estim\u00e9e\" \/>\n\t<meta name=\"twitter:data1\" content=\"1 minute\" \/>\n<script type=\"application\/ld+json\" class=\"yoast-schema-graph\">{\"@context\":\"https:\/\/schema.org\",\"@graph\":[{\"@type\":\"WebPage\",\"@id\":\"https:\/\/mouscronetiopathe.be\/\",\"url\":\"https:\/\/mouscronetiopathe.be\/\",\"name\":\"Accueil - Cabinet d&#039;\u00e9tiopathie de Mouscron\",\"isPartOf\":{\"@id\":\"https:\/\/mouscronetiopathe.be\/#website\"},\"primaryImageOfPage\":{\"@id\":\"https:\/\/mouscronetiopathe.be\/#primaryimage\"},\"image\":{\"@id\":\"https:\/\/mouscronetiopathe.be\/#primaryimage\"},\"thumbnailUrl\":\"http:\/\/mouscronetiopathe.be\/wp-content\/uploads\/2026\/02\/douleur_dos-774x1024.png\",\"datePublished\":\"2026-02-28T15:16:10+00:00\",\"dateModified\":\"2026-02-28T16:06:48+00:00\",\"breadcrumb\":{\"@id\":\"https:\/\/mouscronetiopathe.be\/#breadcrumb\"},\"inLanguage\":\"fr-FR\",\"potentialAction\":[{\"@type\":\"ReadAction\",\"target\":[\"https:\/\/mouscronetiopathe.be\/\"]}]},{\"@type\":\"ImageObject\",\"inLanguage\":\"fr-FR\",\"@id\":\"https:\/\/mouscronetiopathe.be\/#primaryimage\",\"url\":\"https:\/\/mouscronetiopathe.be\/wp-content\/uploads\/2026\/02\/douleur_dos.png\",\"contentUrl\":\"https:\/\/mouscronetiopathe.be\/wp-content\/uploads\/2026\/02\/douleur_dos.png\",\"width\":867,\"height\":1147},{\"@type\":\"BreadcrumbList\",\"@id\":\"https:\/\/mouscronetiopathe.be\/#breadcrumb\",\"itemListElement\":[{\"@type\":\"ListItem\",\"position\":1,\"name\":\"Accueil\",\"item\":\"https:\/\/mouscronetiopathe.be\/\"},{\"@type\":\"ListItem\",\"position\":2,\"name\":\"Accueil\"}]},{\"@type\":\"WebSite\",\"@id\":\"https:\/\/mouscronetiopathe.be\/#website\",\"url\":\"https:\/\/mouscronetiopathe.be\/\",\"name\":\"Cabinet d'\u00e9tiopathie de Mouscron\",\"description\":\"\",\"publisher\":{\"@id\":\"https:\/\/mouscronetiopathe.be\/#organization\"},\"potentialAction\":[{\"@type\":\"SearchAction\",\"target\":{\"@type\":\"EntryPoint\",\"urlTemplate\":\"https:\/\/mouscronetiopathe.be\/?s={search_term_string}\"},\"query-input\":{\"@type\":\"PropertyValueSpecification\",\"valueRequired\":true,\"valueName\":\"search_term_string\"}}],\"inLanguage\":\"fr-FR\"},{\"@type\":\"Organization\",\"@id\":\"https:\/\/mouscronetiopathe.be\/#organization\",\"name\":\"Cabinet d'\u00e9tiopathie de Mouscron\",\"url\":\"https:\/\/mouscronetiopathe.be\/\",\"logo\":{\"@type\":\"ImageObject\",\"inLanguage\":\"fr-FR\",\"@id\":\"https:\/\/mouscronetiopathe.be\/#\/schema\/logo\/image\/\",\"url\":\"https:\/\/mouscronetiopathe.be\/wp-content\/uploads\/2025\/12\/cropped-Sans-titre.jpg\",\"contentUrl\":\"https:\/\/mouscronetiopathe.be\/wp-content\/uploads\/2025\/12\/cropped-Sans-titre.jpg\",\"width\":138,\"height\":192,\"caption\":\"Cabinet d'\u00e9tiopathie de Mouscron\"},\"image\":{\"@id\":\"https:\/\/mouscronetiopathe.be\/#\/schema\/logo\/image\/\"}}]}<\/script>\n<!-- \/ Yoast SEO plugin. -->","yoast_head_json":{"title":"Accueil - Cabinet d&#039;\u00e9tiopathie de Mouscron","robots":{"index":"index","follow":"follow","max-snippet":"max-snippet:-1","max-image-preview":"max-image-preview:large","max-video-preview":"max-video-preview:-1"},"canonical":"https:\/\/mouscronetiopathe.be\/","og_locale":"fr_FR","og_type":"article","og_title":"Accueil - Cabinet d&#039;\u00e9tiopathie de Mouscron","og_description":"Luc Evrard .Dipl\u00f4m\u00e9 de la&nbsp;Facult\u00e9 d&rsquo;Etiopathie de Paris.Membre de l&rsquo;Institut Fran\u00e7ais d&rsquo;Etiopathie.Inscrit au Registre National des Etiopathes.Install\u00e9 \u00e0 Mouscon L&rsquo;\u00e9tiopathie en quelques mots L&rsquo;\u00e9tiopathie est une th\u00e9rapie manuelle bas\u00e9e sur &hellip;","og_url":"https:\/\/mouscronetiopathe.be\/","og_site_name":"Cabinet d&#039;\u00e9tiopathie de Mouscron","article_modified_time":"2026-02-28T16:06:48+00:00","og_image":[{"width":867,"height":1147,"url":"https:\/\/mouscronetiopathe.be\/wp-content\/uploads\/2026\/02\/douleur_dos.png","type":"image\/png"}],"twitter_card":"summary_large_image","twitter_misc":{"Dur\u00e9e de lecture estim\u00e9e":"1 minute"},"schema":{"@context":"https:\/\/schema.org","@graph":[{"@type":"WebPage","@id":"https:\/\/mouscronetiopathe.be\/","url":"https:\/\/mouscronetiopathe.be\/","name":"Accueil - Cabinet d&#039;\u00e9tiopathie de Mouscron","isPartOf":{"@id":"https:\/\/mouscronetiopathe.be\/#website"},"primaryImageOfPage":{"@id":"https:\/\/mouscronetiopathe.be\/#primaryimage"},"image":{"@id":"https:\/\/mouscronetiopathe.be\/#primaryimage"},"thumbnailUrl":"http:\/\/mouscronetiopathe.be\/wp-content\/uploads\/2026\/02\/douleur_dos-774x1024.png","datePublished":"2026-02-28T15:16:10+00:00","dateModified":"2026-02-28T16:06:48+00:00","breadcrumb":{"@id":"https:\/\/mouscronetiopathe.be\/#breadcrumb"},"inLanguage":"fr-FR","potentialAction":[{"@type":"ReadAction","target":["https:\/\/mouscronetiopathe.be\/"]}]},{"@type":"ImageObject","inLanguage":"fr-FR","@id":"https:\/\/mouscronetiopathe.be\/#primaryimage","url":"https:\/\/mouscronetiopathe.be\/wp-content\/uploads\/2026\/02\/douleur_dos.png","contentUrl":"https:\/\/mouscronetiopathe.be\/wp-content\/uploads\/2026\/02\/douleur_dos.png","width":867,"height":1147},{"@type":"BreadcrumbList","@id":"https:\/\/mouscronetiopathe.be\/#breadcrumb","itemListElement":[{"@type":"ListItem","position":1,"name":"Accueil","item":"https:\/\/mouscronetiopathe.be\/"},{"@type":"ListItem","position":2,"name":"Accueil"}]},{"@type":"WebSite","@id":"https:\/\/mouscronetiopathe.be\/#website","url":"https:\/\/mouscronetiopathe.be\/","name":"Cabinet d'\u00e9tiopathie de Mouscron","description":"","publisher":{"@id":"https:\/\/mouscronetiopathe.be\/#organization"},"potentialAction":[{"@type":"SearchAction","target":{"@type":"EntryPoint","urlTemplate":"https:\/\/mouscronetiopathe.be\/?s={search_term_string}"},"query-input":{"@type":"PropertyValueSpecification","valueRequired":true,"valueName":"search_term_string"}}],"inLanguage":"fr-FR"},{"@type":"Organization","@id":"https:\/\/mouscronetiopathe.be\/#organization","name":"Cabinet d'\u00e9tiopathie de Mouscron","url":"https:\/\/mouscronetiopathe.be\/","logo":{"@type":"ImageObject","inLanguage":"fr-FR","@id":"https:\/\/mouscronetiopathe.be\/#\/schema\/logo\/image\/","url":"https:\/\/mouscronetiopathe.be\/wp-content\/uploads\/2025\/12\/cropped-Sans-titre.jpg","contentUrl":"https:\/\/mouscronetiopathe.be\/wp-content\/uploads\/2025\/12\/cropped-Sans-titre.jpg","width":138,"height":192,"caption":"Cabinet d'\u00e9tiopathie de Mouscron"},"image":{"@id":"https:\/\/mouscronetiopathe.be\/#\/schema\/logo\/image\/"}}]}},"_links":{"self":[{"href":"https:\/\/mouscronetiopathe.be\/index.php\/wp-json\/wp\/v2\/pages\/90","targetHints":{"allow":["GET"]}}],"collection":[{"href":"https:\/\/mouscronetiopathe.be\/index.php\/wp-json\/wp\/v2\/pages"}],"about":[{"href":"https:\/\/mouscronetiopathe.be\/index.php\/wp-json\/wp\/v2\/types\/page"}],"author":[{"embeddable":true,"href":"https:\/\/mouscronetiopathe.be\/index.php\/wp-json\/wp\/v2\/users\/1"}],"replies":[{"embeddable":true,"href":"https:\/\/mouscronetiopathe.be\/index.php\/wp-json\/wp\/v2\/comments?post=90"}],"version-history":[{"count":7,"href":"https:\/\/mouscronetiopathe.be\/index.php\/wp-json\/wp\/v2\/pages\/90\/revisions"}],"predecessor-version":[{"id":140,"href":"https:\/\/mouscronetiopathe.be\/index.php\/wp-json\/wp\/v2\/pages\/90\/revisions\/140"}],"wp:attachment":[{"href":"https:\/\/mouscronetiopathe.be\/index.php\/wp-json\/wp\/v2\/media?parent=90"}],"curies":[{"name":"wp","href":"https:\/\/api.w.org\/{rel}","templated":true}]}}