{"id":2,"date":"2025-11-24T17:15:26","date_gmt":"2025-11-24T17:15:26","guid":{"rendered":"http:\/\/mouscronetiopathe.be\/?page_id=2"},"modified":"2026-02-28T15:40:11","modified_gmt":"2026-02-28T15:40:11","slug":"sample-page","status":"publish","type":"page","link":"https:\/\/mouscronetiopathe.be\/index.php\/sample-page\/","title":{"rendered":"Etiopathie"},"content":{"rendered":"\n<h2 class=\"wp-block-heading\">Qu&rsquo;est ce que l&rsquo;\u00e9tiopathie?<\/h2>\n\n\n\n<p>L&rsquo;\u00e9tiopathie est une th\u00e9rapie manuelle bas\u00e9e sur un raisonnement m\u00e9caniste rigoureux.<\/p>\n\n\n\n<p>Le praticien \u00e9tablit dans un premier temps la cause des ph\u00e9nom\u00e8nes pathologiques dont souffre le patient. Dans un deuxi\u00e8me temps, sauf contre indication, il applique les techniques manuelles les plus adapt\u00e9es.<\/p>\n\n\n\n<h2 class=\"wp-block-heading\">Origine de l&rsquo;\u00e9tiopathie<\/h2>\n\n\n<div class=\"wp-block-image\">\n<figure class=\"alignright size-full is-resized\"><img loading=\"lazy\" decoding=\"async\" width=\"167\" height=\"209\" src=\"http:\/\/mouscronetiopathe.be\/wp-content\/uploads\/2025\/12\/Capture-photo-CT.png\" alt=\"Christian Tredaniel\" class=\"wp-image-57\" style=\"aspect-ratio:0.7990280373831776;width:196px;height:auto\"\/><\/figure>\n<\/div>\n\n\n<div class=\"wp-block-group is-nowrap is-layout-flex wp-container-core-group-is-layout-ad2f72ca wp-block-group-is-layout-flex\">\n<p>En 1963, Christian Tr\u00e9daniel (1934-2011) cr\u00e9e l&rsquo;\u00e9tiopathie. L&rsquo;\u00e9tiopathie, dans sa pratique, est issue de l&rsquo;art des rebouteux. Mais l&rsquo;\u00e9tiopathe est avant tout une m\u00e9thode de raisonnement. La r\u00e9flexion de Christian Tr\u00e9daniel se fonde sur l&rsquo;anatomie, la physiologie, la logique et la syst\u00e9mique. Il conceptualise le vivant comme un ensemble de syst\u00e8mes en interaction. Il r\u00e9organise les savoirs et les informations issus de l&rsquo;observation et de l&rsquo;exp\u00e9rience et fait du raisonnement \u00e9tiopathique un outil particuli\u00e8rement puissant dans la recherche de la cause de la pathologie. C&rsquo;est un aspect fondamental de l&rsquo;\u00e9tiopathie qui la diff\u00e9rencie des autres th\u00e9rapies manuelles.<\/p>\n<\/div>\n\n\n\n<div class=\"wp-block-group is-nowrap is-layout-flex wp-container-core-group-is-layout-ad2f72ca wp-block-group-is-layout-flex\">\n<p class=\"has-text-align-right\"><\/p>\n<\/div>\n\n\n\n<h2 class=\"wp-block-heading\">La formation des \u00e9tiopathes<\/h2>\n\n\n\n<p>Un \u00e9tiopathe obtient son dipl\u00f4me apr\u00e8s 6 ann\u00e9es d&rsquo;\u00e9tudes dans une des 4 facult\u00e9s (Paris, Rennes, Toulouse et Lyon). Au terme du cursus, il aura \u00e9tudi\u00e9 le corps humain dans son ensemble, tant sur le plan anatomique que sur le plan du fonctionnement et de la r\u00e9gulation. Il aura compl\u00e9t\u00e9 sa formation par de nombreux stages chez les professionnels.<\/p>\n\n\n\n<p><\/p>\n","protected":false},"excerpt":{"rendered":"<p>Qu&rsquo;est ce que l&rsquo;\u00e9tiopathie? L&rsquo;\u00e9tiopathie est une th\u00e9rapie manuelle bas\u00e9e sur un raisonnement m\u00e9caniste rigoureux. Le praticien \u00e9tablit dans un premier temps la cause des ph\u00e9nom\u00e8nes pathologiques dont souffre le &hellip; <\/p>\n","protected":false},"author":1,"featured_media":0,"parent":0,"menu_order":0,"comment_status":"closed","ping_status":"open","template":"","meta":{"footnotes":""},"class_list":["post-2","page","type-page","status-publish","hentry"],"yoast_head":"<!-- This site is optimized with the Yoast SEO plugin v26.5 - https:\/\/yoast.com\/wordpress\/plugins\/seo\/ -->\n<title>Etiopathie - Cabinet d&#039;\u00e9tiopathie de Mouscron<\/title>\n<meta name=\"robots\" content=\"index, follow, max-snippet:-1, max-image-preview:large, max-video-preview:-1\" \/>\n<link rel=\"canonical\" href=\"https:\/\/mouscronetiopathe.be\/index.php\/sample-page\/\" \/>\n<meta property=\"og:locale\" content=\"fr_FR\" \/>\n<meta property=\"og:type\" content=\"article\" \/>\n<meta property=\"og:title\" content=\"Etiopathie - Cabinet d&#039;\u00e9tiopathie de Mouscron\" \/>\n<meta property=\"og:description\" content=\"Qu&rsquo;est ce que l&rsquo;\u00e9tiopathie? L&rsquo;\u00e9tiopathie est une th\u00e9rapie manuelle bas\u00e9e sur un raisonnement m\u00e9caniste rigoureux. Le praticien \u00e9tablit dans un premier temps la cause des ph\u00e9nom\u00e8nes pathologiques dont souffre le &hellip;\" \/>\n<meta property=\"og:url\" content=\"https:\/\/mouscronetiopathe.be\/index.php\/sample-page\/\" \/>\n<meta property=\"og:site_name\" content=\"Cabinet d&#039;\u00e9tiopathie de Mouscron\" \/>\n<meta property=\"article:modified_time\" content=\"2026-02-28T15:40:11+00:00\" \/>\n<meta property=\"og:image\" content=\"https:\/\/mouscronetiopathe.be\/wp-content\/uploads\/2025\/12\/Capture-photo-CT.png\" \/>\n\t<meta property=\"og:image:width\" content=\"167\" \/>\n\t<meta property=\"og:image:height\" content=\"209\" \/>\n\t<meta property=\"og:image:type\" content=\"image\/png\" \/>\n<meta name=\"twitter:card\" content=\"summary_large_image\" \/>\n<meta name=\"twitter:label1\" content=\"Dur\u00e9e de lecture estim\u00e9e\" \/>\n\t<meta name=\"twitter:data1\" content=\"2 minutes\" \/>\n<script type=\"application\/ld+json\" class=\"yoast-schema-graph\">{\"@context\":\"https:\/\/schema.org\",\"@graph\":[{\"@type\":\"WebPage\",\"@id\":\"https:\/\/mouscronetiopathe.be\/index.php\/sample-page\/\",\"url\":\"https:\/\/mouscronetiopathe.be\/index.php\/sample-page\/\",\"name\":\"Etiopathie - Cabinet d&#039;\u00e9tiopathie de Mouscron\",\"isPartOf\":{\"@id\":\"https:\/\/mouscronetiopathe.be\/#website\"},\"primaryImageOfPage\":{\"@id\":\"https:\/\/mouscronetiopathe.be\/index.php\/sample-page\/#primaryimage\"},\"image\":{\"@id\":\"https:\/\/mouscronetiopathe.be\/index.php\/sample-page\/#primaryimage\"},\"thumbnailUrl\":\"http:\/\/mouscronetiopathe.be\/wp-content\/uploads\/2025\/12\/Capture-photo-CT.png\",\"datePublished\":\"2025-11-24T17:15:26+00:00\",\"dateModified\":\"2026-02-28T15:40:11+00:00\",\"breadcrumb\":{\"@id\":\"https:\/\/mouscronetiopathe.be\/index.php\/sample-page\/#breadcrumb\"},\"inLanguage\":\"fr-FR\",\"potentialAction\":[{\"@type\":\"ReadAction\",\"target\":[\"https:\/\/mouscronetiopathe.be\/index.php\/sample-page\/\"]}]},{\"@type\":\"ImageObject\",\"inLanguage\":\"fr-FR\",\"@id\":\"https:\/\/mouscronetiopathe.be\/index.php\/sample-page\/#primaryimage\",\"url\":\"https:\/\/mouscronetiopathe.be\/wp-content\/uploads\/2025\/12\/Capture-photo-CT.png\",\"contentUrl\":\"https:\/\/mouscronetiopathe.be\/wp-content\/uploads\/2025\/12\/Capture-photo-CT.png\",\"width\":167,\"height\":209,\"caption\":\"Christian Tredaniel\"},{\"@type\":\"BreadcrumbList\",\"@id\":\"https:\/\/mouscronetiopathe.be\/index.php\/sample-page\/#breadcrumb\",\"itemListElement\":[{\"@type\":\"ListItem\",\"position\":1,\"name\":\"Accueil\",\"item\":\"https:\/\/mouscronetiopathe.be\/\"},{\"@type\":\"ListItem\",\"position\":2,\"name\":\"Etiopathie\"}]},{\"@type\":\"WebSite\",\"@id\":\"https:\/\/mouscronetiopathe.be\/#website\",\"url\":\"https:\/\/mouscronetiopathe.be\/\",\"name\":\"Cabinet d'\u00e9tiopathie de Mouscron\",\"description\":\"\",\"publisher\":{\"@id\":\"https:\/\/mouscronetiopathe.be\/#organization\"},\"potentialAction\":[{\"@type\":\"SearchAction\",\"target\":{\"@type\":\"EntryPoint\",\"urlTemplate\":\"https:\/\/mouscronetiopathe.be\/?s={search_term_string}\"},\"query-input\":{\"@type\":\"PropertyValueSpecification\",\"valueRequired\":true,\"valueName\":\"search_term_string\"}}],\"inLanguage\":\"fr-FR\"},{\"@type\":\"Organization\",\"@id\":\"https:\/\/mouscronetiopathe.be\/#organization\",\"name\":\"Cabinet d'\u00e9tiopathie de Mouscron\",\"url\":\"https:\/\/mouscronetiopathe.be\/\",\"logo\":{\"@type\":\"ImageObject\",\"inLanguage\":\"fr-FR\",\"@id\":\"https:\/\/mouscronetiopathe.be\/#\/schema\/logo\/image\/\",\"url\":\"https:\/\/mouscronetiopathe.be\/wp-content\/uploads\/2025\/12\/cropped-Sans-titre.jpg\",\"contentUrl\":\"https:\/\/mouscronetiopathe.be\/wp-content\/uploads\/2025\/12\/cropped-Sans-titre.jpg\",\"width\":138,\"height\":192,\"caption\":\"Cabinet d'\u00e9tiopathie de Mouscron\"},\"image\":{\"@id\":\"https:\/\/mouscronetiopathe.be\/#\/schema\/logo\/image\/\"}}]}<\/script>\n<!-- \/ Yoast SEO plugin. -->","yoast_head_json":{"title":"Etiopathie - Cabinet d&#039;\u00e9tiopathie de Mouscron","robots":{"index":"index","follow":"follow","max-snippet":"max-snippet:-1","max-image-preview":"max-image-preview:large","max-video-preview":"max-video-preview:-1"},"canonical":"https:\/\/mouscronetiopathe.be\/index.php\/sample-page\/","og_locale":"fr_FR","og_type":"article","og_title":"Etiopathie - Cabinet d&#039;\u00e9tiopathie de Mouscron","og_description":"Qu&rsquo;est ce que l&rsquo;\u00e9tiopathie? L&rsquo;\u00e9tiopathie est une th\u00e9rapie manuelle bas\u00e9e sur un raisonnement m\u00e9caniste rigoureux. Le praticien \u00e9tablit dans un premier temps la cause des ph\u00e9nom\u00e8nes pathologiques dont souffre le &hellip;","og_url":"https:\/\/mouscronetiopathe.be\/index.php\/sample-page\/","og_site_name":"Cabinet d&#039;\u00e9tiopathie de Mouscron","article_modified_time":"2026-02-28T15:40:11+00:00","og_image":[{"width":167,"height":209,"url":"https:\/\/mouscronetiopathe.be\/wp-content\/uploads\/2025\/12\/Capture-photo-CT.png","type":"image\/png"}],"twitter_card":"summary_large_image","twitter_misc":{"Dur\u00e9e de lecture estim\u00e9e":"2 minutes"},"schema":{"@context":"https:\/\/schema.org","@graph":[{"@type":"WebPage","@id":"https:\/\/mouscronetiopathe.be\/index.php\/sample-page\/","url":"https:\/\/mouscronetiopathe.be\/index.php\/sample-page\/","name":"Etiopathie - Cabinet d&#039;\u00e9tiopathie de Mouscron","isPartOf":{"@id":"https:\/\/mouscronetiopathe.be\/#website"},"primaryImageOfPage":{"@id":"https:\/\/mouscronetiopathe.be\/index.php\/sample-page\/#primaryimage"},"image":{"@id":"https:\/\/mouscronetiopathe.be\/index.php\/sample-page\/#primaryimage"},"thumbnailUrl":"http:\/\/mouscronetiopathe.be\/wp-content\/uploads\/2025\/12\/Capture-photo-CT.png","datePublished":"2025-11-24T17:15:26+00:00","dateModified":"2026-02-28T15:40:11+00:00","breadcrumb":{"@id":"https:\/\/mouscronetiopathe.be\/index.php\/sample-page\/#breadcrumb"},"inLanguage":"fr-FR","potentialAction":[{"@type":"ReadAction","target":["https:\/\/mouscronetiopathe.be\/index.php\/sample-page\/"]}]},{"@type":"ImageObject","inLanguage":"fr-FR","@id":"https:\/\/mouscronetiopathe.be\/index.php\/sample-page\/#primaryimage","url":"https:\/\/mouscronetiopathe.be\/wp-content\/uploads\/2025\/12\/Capture-photo-CT.png","contentUrl":"https:\/\/mouscronetiopathe.be\/wp-content\/uploads\/2025\/12\/Capture-photo-CT.png","width":167,"height":209,"caption":"Christian Tredaniel"},{"@type":"BreadcrumbList","@id":"https:\/\/mouscronetiopathe.be\/index.php\/sample-page\/#breadcrumb","itemListElement":[{"@type":"ListItem","position":1,"name":"Accueil","item":"https:\/\/mouscronetiopathe.be\/"},{"@type":"ListItem","position":2,"name":"Etiopathie"}]},{"@type":"WebSite","@id":"https:\/\/mouscronetiopathe.be\/#website","url":"https:\/\/mouscronetiopathe.be\/","name":"Cabinet d'\u00e9tiopathie de Mouscron","description":"","publisher":{"@id":"https:\/\/mouscronetiopathe.be\/#organization"},"potentialAction":[{"@type":"SearchAction","target":{"@type":"EntryPoint","urlTemplate":"https:\/\/mouscronetiopathe.be\/?s={search_term_string}"},"query-input":{"@type":"PropertyValueSpecification","valueRequired":true,"valueName":"search_term_string"}}],"inLanguage":"fr-FR"},{"@type":"Organization","@id":"https:\/\/mouscronetiopathe.be\/#organization","name":"Cabinet d'\u00e9tiopathie de Mouscron","url":"https:\/\/mouscronetiopathe.be\/","logo":{"@type":"ImageObject","inLanguage":"fr-FR","@id":"https:\/\/mouscronetiopathe.be\/#\/schema\/logo\/image\/","url":"https:\/\/mouscronetiopathe.be\/wp-content\/uploads\/2025\/12\/cropped-Sans-titre.jpg","contentUrl":"https:\/\/mouscronetiopathe.be\/wp-content\/uploads\/2025\/12\/cropped-Sans-titre.jpg","width":138,"height":192,"caption":"Cabinet d'\u00e9tiopathie de Mouscron"},"image":{"@id":"https:\/\/mouscronetiopathe.be\/#\/schema\/logo\/image\/"}}]}},"_links":{"self":[{"href":"https:\/\/mouscronetiopathe.be\/index.php\/wp-json\/wp\/v2\/pages\/2","targetHints":{"allow":["GET"]}}],"collection":[{"href":"https:\/\/mouscronetiopathe.be\/index.php\/wp-json\/wp\/v2\/pages"}],"about":[{"href":"https:\/\/mouscronetiopathe.be\/index.php\/wp-json\/wp\/v2\/types\/page"}],"author":[{"embeddable":true,"href":"https:\/\/mouscronetiopathe.be\/index.php\/wp-json\/wp\/v2\/users\/1"}],"replies":[{"embeddable":true,"href":"https:\/\/mouscronetiopathe.be\/index.php\/wp-json\/wp\/v2\/comments?post=2"}],"version-history":[{"count":12,"href":"https:\/\/mouscronetiopathe.be\/index.php\/wp-json\/wp\/v2\/pages\/2\/revisions"}],"predecessor-version":[{"id":116,"href":"https:\/\/mouscronetiopathe.be\/index.php\/wp-json\/wp\/v2\/pages\/2\/revisions\/116"}],"wp:attachment":[{"href":"https:\/\/mouscronetiopathe.be\/index.php\/wp-json\/wp\/v2\/media?parent=2"}],"curies":[{"name":"wp","href":"https:\/\/api.w.org\/{rel}","templated":true}]}}